{"id":1735,"date":"2023-03-08T10:39:53","date_gmt":"2023-03-08T10:39:53","guid":{"rendered":"https:\/\/klbtheme.com\/blonwe\/?page_id=1735"},"modified":"2025-11-28T13:06:31","modified_gmt":"2025-11-28T13:06:31","slug":"hakkimizda","status":"publish","type":"page","link":"https:\/\/nalburmelih.com\/index.php\/hakkimizda\/","title":{"rendered":"Hakk\u0131m\u0131zda"},"content":{"rendered":"\t\t<div data-elementor-type=\"wp-page\" data-elementor-id=\"1735\" class=\"elementor elementor-1735\">\n\t\t\t\t\t\t<section class=\"elementor-section elementor-top-section elementor-element elementor-element-ebab944 elementor-section-full_width elementor-section-height-default elementor-section-height-default\" data-id=\"ebab944\" data-element_type=\"section\">\n\t\t\t\t\t\t<div class=\"elementor-container elementor-column-gap-no\">\n\t\t\t\t\t<div class=\"elementor-column elementor-col-100 elementor-top-column elementor-element elementor-element-43e8c75\" data-id=\"43e8c75\" data-element_type=\"column\">\n\t\t\t<div class=\"elementor-widget-wrap elementor-element-populated\">\n\t\t\t\t\t\t<div class=\"elementor-element elementor-element-9742ef0 elementor-widget elementor-widget-blonwe-page-banner\" data-id=\"9742ef0\" data-element_type=\"widget\" data-widget_type=\"blonwe-page-banner.default\">\n\t\t\t\t<div class=\"elementor-widget-container\">\n\t\t\t\t\t<div class=\"page-header centered large light\"><div class=\"container\"><div class=\"page-header-inner\"><h5 class=\"entry-subtitle\">Nalbur Melih Hakk\u0131nda<\/h5><h1 class=\"entry-title large\">Bizi Tan\u0131mak \u0130ster misiniz?\n<\/h1><div class=\"entry-description\"><p>size k\u0131saca tan\u0131tal\u0131m, b\u00f6ylece kalitemizi daha iyi anlayacaks\u0131n\u0131z\n<\/p><\/div><\/div><\/div><div class=\"page-header-image overlay-25\"><img decoding=\"async\" src=\"https:\/\/nalburmelih.com\/wp-content\/uploads\/2025\/07\/1.jpg\"><\/div><\/div>\t\t\t\t<\/div>\n\t\t\t\t<\/div>\n\t\t\t\t\t<\/div>\n\t\t<\/div>\n\t\t\t\t\t<\/div>\n\t\t<\/section>\n\t\t\t\t<section class=\"elementor-section elementor-top-section elementor-element elementor-element-bba92c1 elementor-section-boxed elementor-section-height-default elementor-section-height-default\" data-id=\"bba92c1\" data-element_type=\"section\">\n\t\t\t\t\t\t<div class=\"elementor-container elementor-column-gap-extended\">\n\t\t\t\t\t<div class=\"elementor-column elementor-col-33 elementor-top-column elementor-element elementor-element-eb84193\" data-id=\"eb84193\" data-element_type=\"column\">\n\t\t\t<div class=\"elementor-widget-wrap\">\n\t\t\t\t\t\t\t<\/div>\n\t\t<\/div>\n\t\t\t\t<div class=\"elementor-column elementor-col-33 elementor-top-column elementor-element elementor-element-8a88cae\" data-id=\"8a88cae\" data-element_type=\"column\">\n\t\t\t<div class=\"elementor-widget-wrap elementor-element-populated\">\n\t\t\t\t\t\t<div class=\"elementor-element elementor-element-443ae6f elementor-widget elementor-widget-blonwe-custom-title\" data-id=\"443ae6f\" data-element_type=\"widget\" data-widget_type=\"blonwe-custom-title.default\">\n\t\t\t\t<div class=\"elementor-widget-container\">\n\t\t\t\t\t<div class=\"klb-text-block text-center\"><h3 class=\"entry-title font-md-42 weight-500 mb-20\">Nalbur Melih &amp; Meta Yap\u0131 Yap\u0131n\u0131n Kalbine Dokunan G\u00fc\u00e7<\/h3><div class=\"entry-description font-14 font-md-18\"><p>Nalbur Melih, k\u00f6klerini esnafl\u0131\u011f\u0131n samimiyetinden, g\u00fcc\u00fcn\u00fc ise i\u015fine duydu\u011fu tutkudan alan bir h\u0131rdavat ve yap\u0131 malzemeleri markas\u0131d\u0131r. Kurulu\u015fumuzdan bu yana hedefimiz, sadece \u00fcr\u00fcn satmak de\u011fil; m\u00fc\u015fterilerimizin ihtiya\u00e7lar\u0131n\u0131 anlayarak \u00e7\u00f6z\u00fcm sunmak, projelerine de\u011fer katmak ve g\u00fcven in\u015fa etmektir. Zamanla mahalle aras\u0131nda bir d\u00fckk\u00e2ndan, dijital d\u00fcnyada binlerce m\u00fc\u015fteriye ula\u015fan bir marka yolculu\u011funa evrildik. Bug\u00fcn \u201cNalbur Melih\u201d ad\u0131, kaliteyle h\u0131z\u0131n, gelenekle teknolojinin bulu\u015ftu\u011fu bir noktay\u0131 temsil ediyor.\n\nAncak bu sadece ba\u015flang\u0131\u00e7t\u0131. Bu vizyonu daha da b\u00fcy\u00fctmek ad\u0131na kurdu\u011fumuz Meta Yap\u0131, in\u015faat ve mimari projelere daha kapsaml\u0131 \u00e7\u00f6z\u00fcmler sunmak \u00fczere do\u011fdu. Meta Yap\u0131, yaln\u0131zca bir tedarik\u00e7i de\u011fil; projelere \u00f6zel malzeme dan\u0131\u015fmanl\u0131\u011f\u0131, mimari y\u00f6nlendirme ve ak\u0131lc\u0131 b\u00fct\u00e7e y\u00f6netimiyle u\u00e7tan uca hizmet sunan bir yap\u0131 partneridir.<\/p><\/div><\/div>\t\t\t\t<\/div>\n\t\t\t\t<\/div>\n\t\t\t\t\t<\/div>\n\t\t<\/div>\n\t\t\t\t<div class=\"elementor-column elementor-col-33 elementor-top-column elementor-element elementor-element-eea6e85\" data-id=\"eea6e85\" data-element_type=\"column\">\n\t\t\t<div class=\"elementor-widget-wrap\">\n\t\t\t\t\t\t\t<\/div>\n\t\t<\/div>\n\t\t\t\t\t<\/div>\n\t\t<\/section>\n\t\t\t\t<section class=\"elementor-section elementor-top-section elementor-element elementor-element-a16f7a7 elementor-section-boxed elementor-section-height-default elementor-section-height-default\" data-id=\"a16f7a7\" data-element_type=\"section\">\n\t\t\t\t\t\t<div class=\"elementor-container elementor-column-gap-extended\">\n\t\t\t\t\t<div class=\"elementor-column elementor-col-100 elementor-top-column elementor-element elementor-element-d0cb74d\" data-id=\"d0cb74d\" data-element_type=\"column\">\n\t\t\t<div class=\"elementor-widget-wrap elementor-element-populated\">\n\t\t\t\t\t\t<div class=\"elementor-element elementor-element-bef4b68 elementor-widget-divider--view-line elementor-widget elementor-widget-divider\" data-id=\"bef4b68\" data-element_type=\"widget\" data-widget_type=\"divider.default\">\n\t\t\t\t\t\t\t<div class=\"elementor-divider\">\n\t\t\t<span class=\"elementor-divider-separator\">\n\t\t\t\t\t\t<\/span>\n\t\t<\/div>\n\t\t\t\t\t\t<\/div>\n\t\t\t\t\t<\/div>\n\t\t<\/div>\n\t\t\t\t\t<\/div>\n\t\t<\/section>\n\t\t<div class=\"elementor-element elementor-element-2917f11 e-flex e-con-boxed e-con e-parent\" data-id=\"2917f11\" data-element_type=\"container\">\n\t\t\t\t\t<div class=\"e-con-inner\">\n\t\t\t\t<div class=\"elementor-element elementor-element-523fade elementor-widget elementor-widget-link-in-bio\" data-id=\"523fade\" data-element_type=\"widget\" data-widget_type=\"link-in-bio.default\">\n\t\t\t\t<div class=\"elementor-widget-container\">\n\t\t\t\t\t\t\t<div class=\"e-link-in-bio e-link-in-bio\">\n\t\t\t<div class=\"e-link-in-bio__content\">\n\n\t\t\t\t\t\t<div class=\"e-link-in-bio__identity\">\n\t\t\t\t\t\t\t\t\t<div class=\"e-link-in-bio__identity-image e-link-in-bio__identity-image-profile has-style-circle\">\n\t\t\t\t\t\t\t<img fetchpriority=\"high\" decoding=\"async\" width=\"300\" height=\"300\" src=\"https:\/\/nalburmelih.com\/wp-content\/uploads\/2025\/11\/WhatsApp-Image-2025-11-28-at-15.55.35-300x300.jpeg\" class=\"e-link-in-bio__identity-image-element\" alt=\"\" srcset=\"https:\/\/nalburmelih.com\/wp-content\/uploads\/2025\/11\/WhatsApp-Image-2025-11-28-at-15.55.35-300x300.jpeg 300w, https:\/\/nalburmelih.com\/wp-content\/uploads\/2025\/11\/WhatsApp-Image-2025-11-28-at-15.55.35-1024x1024.jpeg 1024w, https:\/\/nalburmelih.com\/wp-content\/uploads\/2025\/11\/WhatsApp-Image-2025-11-28-at-15.55.35-150x150.jpeg 150w, https:\/\/nalburmelih.com\/wp-content\/uploads\/2025\/11\/WhatsApp-Image-2025-11-28-at-15.55.35-768x768.jpeg 768w, https:\/\/nalburmelih.com\/wp-content\/uploads\/2025\/11\/WhatsApp-Image-2025-11-28-at-15.55.35-450x450.jpeg 450w, https:\/\/nalburmelih.com\/wp-content\/uploads\/2025\/11\/WhatsApp-Image-2025-11-28-at-15.55.35-650x650.jpeg 650w, https:\/\/nalburmelih.com\/wp-content\/uploads\/2025\/11\/WhatsApp-Image-2025-11-28-at-15.55.35-54x54.jpeg 54w, https:\/\/nalburmelih.com\/wp-content\/uploads\/2025\/11\/WhatsApp-Image-2025-11-28-at-15.55.35-96x96.jpeg 96w, https:\/\/nalburmelih.com\/wp-content\/uploads\/2025\/11\/WhatsApp-Image-2025-11-28-at-15.55.35.jpeg 1080w\" sizes=\"(max-width: 300px) 100vw, 300px\" \/>\t\t\t\t\t\t\t\t\t\t\t\t\t<\/div>\n\t\t\t\t\t\t\t<\/div>\n\t\t\t\t\t<div class=\"e-link-in-bio__bio\">\n\t\t\t\t<h2 class=\"e-link-in-bio__heading\">MEL\u0130H T. KARA<\/h2>\t\t\t\t<h3 class=\"e-link-in-bio__title\">\u0130\u00c7 M\u0130MAR VE \u00c7EVRE TASARIMCISI<\/h3>\t\t\t\t\t\t\t\t<p class=\"e-link-in-bio__description\">Melih T. Kara, yap\u0131 malzemeleri, h\u0131rdavat ve i\u00e7 mimarl\u0131k sekt\u00f6rlerinde sahadan gelen tecr\u00fcbesiyle modern bir i\u00e7 mimar olarak tan\u0131n\u0131r. Kurdu\u011fu Nalbur Melih ve Meta Yap\u0131 markalar\u0131, ustalara, profesyonellere ve tasar\u0131mc\u0131lara g\u00fcvenilir, \u00e7\u00f6z\u00fcm odakl\u0131 hizmet sunar. Melih, i\u015fini teknoloji, kalite ve estetikle birle\u015ftirerek sekt\u00f6re yenilik\u00e7i bir vizyon kazand\u0131r\u0131r.<\/p>\t\t\t<\/div>\n\t\t\t\t\t<div class=\"e-link-in-bio__icons has-size-small\">\n\t\t\t\t\t\t\t<div class=\"e-link-in-bio__icon is-size-small\">\n\t\t\t\t\t<a target=\"_blank\" rel=\"noopener \" aria-label=\"Instagram\" class=\"e-link-in-bio__icon-link\" href=\"\">\n\t\t\t\t\t\t<span class=\"e-link-in-bio__icon-svg\">\n\t\t\t\t\t\t\t<svg aria-hidden=\"true\" class=\"e-font-icon-svg e-fab-instagram\" viewBox=\"0 0 448 512\" xmlns=\"http:\/\/www.w3.org\/2000\/svg\"><path d=\"M224.1 141c-63.6 0-114.9 51.3-114.9 114.9s51.3 114.9 114.9 114.9S339 319.5 339 255.9 287.7 141 224.1 141zm0 189.6c-41.1 0-74.7-33.5-74.7-74.7s33.5-74.7 74.7-74.7 74.7 33.5 74.7 74.7-33.6 74.7-74.7 74.7zm146.4-194.3c0 14.9-12 26.8-26.8 26.8-14.9 0-26.8-12-26.8-26.8s12-26.8 26.8-26.8 26.8 12 26.8 26.8zm76.1 27.2c-1.7-35.9-9.9-67.7-36.2-93.9-26.2-26.2-58-34.4-93.9-36.2-37-2.1-147.9-2.1-184.9 0-35.8 1.7-67.6 9.9-93.9 36.1s-34.4 58-36.2 93.9c-2.1 37-2.1 147.9 0 184.9 1.7 35.9 9.9 67.7 36.2 93.9s58 34.4 93.9 36.2c37 2.1 147.9 2.1 184.9 0 35.9-1.7 67.7-9.9 93.9-36.2 26.2-26.2 34.4-58 36.2-93.9 2.1-37 2.1-147.8 0-184.8zM398.8 388c-7.8 19.6-22.9 34.7-42.6 42.6-29.5 11.7-99.5 9-132.1 9s-102.7 2.6-132.1-9c-19.6-7.8-34.7-22.9-42.6-42.6-11.7-29.5-9-99.5-9-132.1s-2.6-102.7 9-132.1c7.8-19.6 22.9-34.7 42.6-42.6 29.5-11.7 99.5-9 132.1-9s102.7-2.6 132.1 9c19.6 7.8 34.7 22.9 42.6 42.6 11.7 29.5 9 99.5 9 132.1s2.7 102.7-9 132.1z\"><\/path><\/svg>\t\t\t\t\t\t<\/span>\n\t\t\t\t\t\t\t\t\t\t\t<\/a>\n\t\t\t\t<\/div>\n\t\t\t\t\t<\/div>\n\t\t\n\t\t<div class=\"e-link-in-bio__ctas has-type-button\">\n\t\t\t\t\t\t\t<a class=\"e-link-in-bio__cta is-type-button has-corners-rounded\" href=\"tel:+905423883682\">\n\t\t\t\t\t\t\t\t\t\t<span class=\"e-link-in-bio__cta-text\">\n\t\t\t\t\t\t\u0130LET\u0130\u015e\u0130MDE OLUN\t\t\t\t\t<\/span>\n\t\t\t\t<\/a>\n\t\t\t\t\t<\/div>\n\t\t\n\t\t\t<\/div>\n\t\t\t<div class=\"e-link-in-bio__bg\">\n\t\t\t\t<div class=\"e-link-in-bio__bg-overlay\"><\/div>\n\t\t\t<\/div>\n\t\t<\/div>\n\t\t\t\t\t\t<\/div>\n\t\t\t\t<\/div>\n\t\t\t\t\t<\/div>\n\t\t\t\t<\/div>\n\t\t\t\t<section class=\"elementor-section elementor-top-section elementor-element elementor-element-c128994 elementor-section-boxed elementor-section-height-default elementor-section-height-default\" data-id=\"c128994\" data-element_type=\"section\">\n\t\t\t\t\t\t<div class=\"elementor-container elementor-column-gap-extended\">\n\t\t\t\t\t<div class=\"elementor-column elementor-col-100 elementor-top-column elementor-element elementor-element-9239ca0\" data-id=\"9239ca0\" data-element_type=\"column\">\n\t\t\t<div class=\"elementor-widget-wrap elementor-element-populated\">\n\t\t\t\t\t\t<div class=\"elementor-element elementor-element-189fc86 elementor-widget elementor-widget-blonwe-custom-title\" data-id=\"189fc86\" data-element_type=\"widget\" data-widget_type=\"blonwe-custom-title.default\">\n\t\t\t\t<div class=\"elementor-widget-container\">\n\t\t\t\t\t<div class=\"klb-text-block\"><h5 class=\"entry-subtitle font-15 color-gray\"><\/h5><h2 class=\"entry-title\">Ne Yap\u0131yoruz?<\/h2><\/div>\t\t\t\t<\/div>\n\t\t\t\t<\/div>\n\t\t\t\t\t<\/div>\n\t\t<\/div>\n\t\t\t\t\t<\/div>\n\t\t<\/section>\n\t\t\t\t<section class=\"elementor-section elementor-top-section elementor-element elementor-element-7cb2787 elementor-section-boxed elementor-section-height-default elementor-section-height-default\" data-id=\"7cb2787\" data-element_type=\"section\">\n\t\t\t\t\t\t<div class=\"elementor-container elementor-column-gap-extended\">\n\t\t\t\t\t<div class=\"elementor-column elementor-col-50 elementor-top-column elementor-element elementor-element-130153c\" data-id=\"130153c\" data-element_type=\"column\">\n\t\t\t<div class=\"elementor-widget-wrap elementor-element-populated\">\n\t\t\t\t\t\t<div class=\"elementor-element elementor-element-50a12a1 elementor-widget elementor-widget-text-editor\" data-id=\"50a12a1\" data-element_type=\"widget\" data-widget_type=\"text-editor.default\">\n\t\t\t\t\t\t\t\t\t<h5 data-start=\"1265\" data-end=\"1299\"><strong>Nalbur Melih \u00e7at\u0131s\u0131 alt\u0131nda:<\/strong><\/h5><ul data-start=\"1302\" data-end=\"1636\"><li data-start=\"1302\" data-end=\"1463\"><p data-start=\"1304\" data-end=\"1463\">H\u0131rdavat, boya, el aletleri, elektrik malzemeleri, kilit sistemleri, ba\u011flant\u0131 elemanlar\u0131, i\u015f g\u00fcvenli\u011fi ekipmanlar\u0131 ve y\u00fczlerce \u00fcr\u00fcn\u00fc uygun fiyatla sunuyoruz.<\/p><\/li><li data-start=\"1466\" data-end=\"1549\"><p data-start=\"1468\" data-end=\"1549\">Geni\u015f \u00fcr\u00fcn yelpazemizle hem bireysel hem kurumsal m\u00fc\u015fterilere hizmet veriyoruz.<\/p><\/li><li data-start=\"1552\" data-end=\"1636\"><p data-start=\"1554\" data-end=\"1636\">Online sat\u0131\u015f altyap\u0131m\u0131zla T\u00fcrkiye\u2019nin d\u00f6rt bir yan\u0131na h\u0131zl\u0131 g\u00f6nderim sa\u011fl\u0131yoruz.<\/p><\/li><\/ul>\t\t\t\t\t\t\t\t<\/div>\n\t\t\t\t\t<\/div>\n\t\t<\/div>\n\t\t\t\t<div class=\"elementor-column elementor-col-50 elementor-top-column elementor-element elementor-element-a0f3709\" data-id=\"a0f3709\" data-element_type=\"column\">\n\t\t\t<div class=\"elementor-widget-wrap elementor-element-populated\">\n\t\t\t\t\t\t<div class=\"elementor-element elementor-element-2076e82 elementor-widget elementor-widget-text-editor\" data-id=\"2076e82\" data-element_type=\"widget\" data-widget_type=\"text-editor.default\">\n\t\t\t\t\t\t\t\t\t<ul data-start=\"1263\" data-end=\"1964\"><li data-start=\"1638\" data-end=\"1964\"><h5 data-start=\"1640\" data-end=\"1670\"><strong data-start=\"1640\" data-end=\"1653\">Meta Yap\u0131<\/strong> taraf\u0131nda ise:<\/h5><ul data-start=\"1673\" data-end=\"1964\"><li data-start=\"1673\" data-end=\"1799\"><p data-start=\"1675\" data-end=\"1799\">Kafe, restoran, ofis, fabrika ve konut gibi yap\u0131lar\u0131n tadilat ve i\u00e7 mimari projeleri i\u00e7in profesyonel \u00e7\u00f6z\u00fcmler \u00fcretiyoruz.<\/p><\/li><li data-start=\"1802\" data-end=\"1892\"><p data-start=\"1804\" data-end=\"1892\">Teknik \u00fcr\u00fcn se\u00e7imi, uygulama s\u00fcreci deste\u011fi ve malzeme tedari\u011fini tek elden \u00e7\u00f6z\u00fcyoruz.<\/p><\/li><li data-start=\"1895\" data-end=\"1964\"><p data-start=\"1897\" data-end=\"1964\">Mimari estetik ile i\u015flevselli\u011fi bulu\u015fturan projeler geli\u015ftiriyoruz.<\/p><\/li><\/ul><\/li><\/ul>\t\t\t\t\t\t\t\t<\/div>\n\t\t\t\t\t<\/div>\n\t\t<\/div>\n\t\t\t\t\t<\/div>\n\t\t<\/section>\n\t\t\t\t<section class=\"elementor-section elementor-top-section elementor-element elementor-element-e940514 elementor-section-boxed elementor-section-height-default elementor-section-height-default\" data-id=\"e940514\" data-element_type=\"section\">\n\t\t\t\t\t\t<div class=\"elementor-container elementor-column-gap-extended\">\n\t\t\t\t\t<div class=\"elementor-column elementor-col-33 elementor-top-column elementor-element elementor-element-bb09960\" data-id=\"bb09960\" data-element_type=\"column\">\n\t\t\t<div class=\"elementor-widget-wrap elementor-element-populated\">\n\t\t\t\t\t\t<div class=\"elementor-element elementor-element-f08d536 elementor-widget elementor-widget-image\" data-id=\"f08d536\" data-element_type=\"widget\" data-widget_type=\"image.default\">\n\t\t\t\t\t\t\t\t\t\t\t\t\t\t\t<img decoding=\"async\" width=\"992\" height=\"1156\" src=\"https:\/\/nalburmelih.com\/wp-content\/uploads\/2025\/07\/232.jpg\" class=\"attachment-full size-full wp-image-5471\" alt=\"\" srcset=\"https:\/\/nalburmelih.com\/wp-content\/uploads\/2025\/07\/232.jpg 992w, https:\/\/nalburmelih.com\/wp-content\/uploads\/2025\/07\/232-257x300.jpg 257w, https:\/\/nalburmelih.com\/wp-content\/uploads\/2025\/07\/232-879x1024.jpg 879w, https:\/\/nalburmelih.com\/wp-content\/uploads\/2025\/07\/232-768x895.jpg 768w, https:\/\/nalburmelih.com\/wp-content\/uploads\/2025\/07\/232-650x757.jpg 650w, https:\/\/nalburmelih.com\/wp-content\/uploads\/2025\/07\/232-46x54.jpg 46w\" sizes=\"(max-width: 992px) 100vw, 992px\" \/>\t\t\t\t\t\t\t\t\t\t\t\t\t\t\t<\/div>\n\t\t\t\t\t<\/div>\n\t\t<\/div>\n\t\t\t\t<div class=\"elementor-column elementor-col-33 elementor-top-column elementor-element elementor-element-89ad85c\" data-id=\"89ad85c\" data-element_type=\"column\">\n\t\t\t<div class=\"elementor-widget-wrap\">\n\t\t\t\t\t\t\t<\/div>\n\t\t<\/div>\n\t\t\t\t<div class=\"elementor-column elementor-col-33 elementor-top-column elementor-element elementor-element-ac0afb8\" data-id=\"ac0afb8\" data-element_type=\"column\">\n\t\t\t<div class=\"elementor-widget-wrap elementor-element-populated\">\n\t\t\t\t\t\t<div class=\"elementor-element elementor-element-06e6bbe elementor-widget elementor-widget-text-editor\" data-id=\"06e6bbe\" data-element_type=\"widget\" data-widget_type=\"text-editor.default\">\n\t\t\t\t\t\t\t\t\t<h5>Neden Biz?<\/h5><ul data-start=\"1987\" data-end=\"2403\"><li data-start=\"1987\" data-end=\"2070\"><p data-start=\"1989\" data-end=\"2070\"><strong data-start=\"1989\" data-end=\"2001\">Tecr\u00fcbe:<\/strong> Y\u0131llar\u0131n birikimiyle, neye ihtiya\u00e7 duydu\u011funuzu en iyi biz biliriz.<\/p><\/li><li data-start=\"2071\" data-end=\"2141\"><p data-start=\"2073\" data-end=\"2141\"><strong data-start=\"2073\" data-end=\"2083\">G\u00fcven:<\/strong> S\u00f6z verdi\u011fimiz i\u015fi zaman\u0131nda ve eksiksiz teslim ederiz.<\/p><\/li><li data-start=\"2142\" data-end=\"2249\"><p data-start=\"2144\" data-end=\"2249\"><strong data-start=\"2144\" data-end=\"2164\">Ula\u015f\u0131labilirlik:<\/strong> \u0130ster fiziksel ma\u011fazam\u0131za u\u011fray\u0131n ister dijitalde gezin; her zaman ula\u015f\u0131labiliriz.<\/p><\/li><li data-start=\"2250\" data-end=\"2309\"><p data-start=\"2252\" data-end=\"2309\"><strong data-start=\"2252\" data-end=\"2268\">Dan\u0131\u015fmanl\u0131k:<\/strong> Sadece \u00fcr\u00fcn de\u011fil, <strong data-start=\"2288\" data-end=\"2306\">\u00e7\u00f6z\u00fcm \u00f6neririz<\/strong>.<\/p><\/li><li data-start=\"2310\" data-end=\"2403\"><p data-start=\"2312\" data-end=\"2403\"><strong data-start=\"2312\" data-end=\"2334\">Geli\u015fim Odakl\u0131l\u0131k:<\/strong> Teknolojiyi takip eder, en iyi \u00fcr\u00fcnleri en uygun ko\u015fullarda sunar\u0131z.<\/p><\/li><\/ul><h3 data-start=\"2410\" data-end=\"2440\">Bizimle \u00c7al\u0131\u015fmak Ne Demek?<\/h3><p data-start=\"2442\" data-end=\"2831\">Bize g\u00f6re bir m\u00fc\u015fteriye malzeme satmak de\u011fil, <strong data-start=\"2488\" data-end=\"2528\">do\u011fru malzemeyi do\u011fru \u015fekilde sunmak<\/strong> \u00f6nemlidir. Hangi \u00fcr\u00fcn nerede, nas\u0131l kullan\u0131lmal\u0131? Ne t\u00fcr riskler var? Alternatif \u00e7\u00f6z\u00fcmler neler olabilir? \u0130\u015fte tam burada devreye giriyoruz. Nalbur Melih olarak, raflar\u0131m\u0131zda sadece \u00fcr\u00fcn de\u011fil, <strong data-start=\"2723\" data-end=\"2743\">bilgi ve tecr\u00fcbe<\/strong> de sunuyoruz. Meta Yap\u0131 olarak ise bu bilginin <strong data-start=\"2791\" data-end=\"2830\">tasar\u0131ma ve projeye d\u00f6n\u00fc\u015fm\u00fc\u015f halini<\/strong>.<\/p>\t\t\t\t\t\t\t\t<\/div>\n\t\t\t\t\t<\/div>\n\t\t<\/div>\n\t\t\t\t\t<\/div>\n\t\t<\/section>\n\t\t\t\t<section class=\"elementor-section elementor-top-section elementor-element elementor-element-9cb06d4 elementor-section-boxed elementor-section-height-default elementor-section-height-default\" data-id=\"9cb06d4\" data-element_type=\"section\">\n\t\t\t\t\t\t<div class=\"elementor-container elementor-column-gap-extended\">\n\t\t\t\t\t<div class=\"elementor-column elementor-col-100 elementor-top-column elementor-element elementor-element-0e7d1a9\" data-id=\"0e7d1a9\" data-element_type=\"column\">\n\t\t\t<div class=\"elementor-widget-wrap elementor-element-populated\">\n\t\t\t\t\t\t<div class=\"elementor-element elementor-element-33bf3ad elementor-widget-divider--view-line elementor-widget elementor-widget-divider\" data-id=\"33bf3ad\" data-element_type=\"widget\" data-widget_type=\"divider.default\">\n\t\t\t\t\t\t\t<div class=\"elementor-divider\">\n\t\t\t<span class=\"elementor-divider-separator\">\n\t\t\t\t\t\t<\/span>\n\t\t<\/div>\n\t\t\t\t\t\t<\/div>\n\t\t\t\t\t<\/div>\n\t\t<\/div>\n\t\t\t\t\t<\/div>\n\t\t<\/section>\n\t\t\t\t<section class=\"elementor-section elementor-top-section elementor-element elementor-element-67d4da3 elementor-section-boxed elementor-section-height-default elementor-section-height-default\" data-id=\"67d4da3\" data-element_type=\"section\">\n\t\t\t\t\t\t<div class=\"elementor-container elementor-column-gap-extended\">\n\t\t\t\t\t<div class=\"elementor-column elementor-col-100 elementor-top-column elementor-element elementor-element-698b3bc\" data-id=\"698b3bc\" data-element_type=\"column\">\n\t\t\t<div class=\"elementor-widget-wrap elementor-element-populated\">\n\t\t\t\t\t\t<div class=\"elementor-element elementor-element-ad36917 elementor-widget elementor-widget-text-editor\" data-id=\"ad36917\" data-element_type=\"widget\" data-widget_type=\"text-editor.default\">\n\t\t\t\t\t\t\t\t\t<h3 data-start=\"3299\" data-end=\"3313\">Biz Kimiz?<\/h3><p data-start=\"3315\" data-end=\"3609\">\u0130\u00e7 mimarlardan ustalara, bireysel tadilat\u00e7\u0131dan b\u00fcy\u00fck m\u00fcteahhit firmalara kadar \u00e7ok geni\u015f bir m\u00fc\u015fteri kitlesine hitap ediyoruz. M\u00fc\u015fterilerimizle kurdu\u011fumuz ba\u011f, \u201cal-sat\u201d ili\u015fkisinden \u00e7ok daha derin. Bize g\u00f6re her proje bir hik\u00e2yedir; ve biz bu hik\u00e2yenin <strong data-start=\"3568\" data-end=\"3587\">sa\u011flam temelini<\/strong> atmak i\u00e7in buraday\u0131z.<\/p>\t\t\t\t\t\t\t\t<\/div>\n\t\t\t\t\t<\/div>\n\t\t<\/div>\n\t\t\t\t\t<\/div>\n\t\t<\/section>\n\t\t\t\t<section class=\"elementor-section elementor-top-section elementor-element elementor-element-4005095 elementor-section-boxed elementor-section-height-default elementor-section-height-default\" data-id=\"4005095\" data-element_type=\"section\">\n\t\t\t\t\t\t<div class=\"elementor-container elementor-column-gap-extended\">\n\t\t\t\t\t<div class=\"elementor-column elementor-col-100 elementor-top-column elementor-element elementor-element-7458b0c\" data-id=\"7458b0c\" data-element_type=\"column\">\n\t\t\t<div class=\"elementor-widget-wrap elementor-element-populated\">\n\t\t\t\t\t\t<div class=\"elementor-element elementor-element-82821f4 elementor-widget elementor-widget-text-editor\" data-id=\"82821f4\" data-element_type=\"widget\" data-widget_type=\"text-editor.default\">\n\t\t\t\t\t\t\t\t\t<h3 data-start=\"3616\" data-end=\"3632\">\u0130leti\u015fim Kur<\/h3><p data-start=\"3634\" data-end=\"3809\">Bizimle tan\u0131\u015fmak, projeleriniz i\u00e7in fikir almak ya da sadece bir \u00e7ay i\u00e7mek isterseniz; her zaman bekleriz.<br data-start=\"3740\" data-end=\"3743\" \/><strong data-start=\"3743\" data-end=\"3771\">Nalbur Melih &amp; Meta Yap\u0131<\/strong> \u2013 Yap\u0131n\u0131n kalbine dokunan g\u00fc\u00e7 burada.<\/p>\t\t\t\t\t\t\t\t<\/div>\n\t\t\t\t\t<\/div>\n\t\t<\/div>\n\t\t\t\t\t<\/div>\n\t\t<\/section>\n\t\t\t\t<\/div>\n\t\t","protected":false},"excerpt":{"rendered":"<p>Nalbur Melih Hakk\u0131nda Bizi Tan\u0131mak \u0130ster misiniz? size k\u0131saca tan\u0131tal\u0131m, b\u00f6ylece kalitemizi daha iyi anlayacaks\u0131n\u0131z Nalbur Melih &amp; Meta Yap\u0131 Yap\u0131n\u0131n Kalbine Dokunan G\u00fc\u00e7 Nalbur Melih, k\u00f6klerini esnafl\u0131\u011f\u0131n samimiyetinden, g\u00fcc\u00fcn\u00fc ise i\u015fine duydu\u011fu tutkudan alan bir h\u0131rdavat ve yap\u0131 malzemeleri markas\u0131d\u0131r. Kurulu\u015fumuzdan bu yana hedefimiz, sadece \u00fcr\u00fcn satmak de\u011fil; m\u00fc\u015fterilerimizin ihtiya\u00e7lar\u0131n\u0131 anlayarak \u00e7\u00f6z\u00fcm sunmak, projelerine<\/p>\n<div class=\"klb-readmore button\"><a class=\"btn link\" href=\"https:\/\/nalburmelih.com\/index.php\/hakkimizda\/\">Read More <i class=\"klbth-icon-right-arrow\"><\/i><\/a><\/div>\n","protected":false},"author":1,"featured_media":0,"parent":0,"menu_order":0,"comment_status":"closed","ping_status":"closed","template":"","meta":{"footnotes":""},"class_list":["post-1735","page","type-page","status-publish","hentry"],"_links":{"self":[{"href":"https:\/\/nalburmelih.com\/index.php\/wp-json\/wp\/v2\/pages\/1735","targetHints":{"allow":["GET"]}}],"collection":[{"href":"https:\/\/nalburmelih.com\/index.php\/wp-json\/wp\/v2\/pages"}],"about":[{"href":"https:\/\/nalburmelih.com\/index.php\/wp-json\/wp\/v2\/types\/page"}],"author":[{"embeddable":true,"href":"https:\/\/nalburmelih.com\/index.php\/wp-json\/wp\/v2\/users\/1"}],"replies":[{"embeddable":true,"href":"https:\/\/nalburmelih.com\/index.php\/wp-json\/wp\/v2\/comments?post=1735"}],"version-history":[{"count":8,"href":"https:\/\/nalburmelih.com\/index.php\/wp-json\/wp\/v2\/pages\/1735\/revisions"}],"predecessor-version":[{"id":5800,"href":"https:\/\/nalburmelih.com\/index.php\/wp-json\/wp\/v2\/pages\/1735\/revisions\/5800"}],"wp:attachment":[{"href":"https:\/\/nalburmelih.com\/index.php\/wp-json\/wp\/v2\/media?parent=1735"}],"curies":[{"name":"wp","href":"https:\/\/api.w.org\/{rel}","templated":true}]}}