{"id":5865,"date":"2025-11-28T16:11:30","date_gmt":"2025-11-28T16:11:30","guid":{"rendered":"https:\/\/nalburmelih.com\/?post_type=product&#038;p=5865"},"modified":"2025-11-29T06:11:08","modified_gmt":"2025-11-29T06:11:08","slug":"permolit-super-tavan-boyasi","status":"publish","type":"product","link":"https:\/\/nalburmelih.com\/index.php\/product\/permolit-super-tavan-boyasi\/","title":{"rendered":"Permolit S\u00fcper Tavan Boyas\u0131 17.5KG"},"content":{"rendered":"<h2 data-start=\"742\" data-end=\"780\">Ba\u015fl\u0131ca \u00d6zellikleri &amp; Avantajlar\u0131<\/h2>\n<div class=\"_tableContainer_1rjym_1\">\n<div class=\"group _tableWrapper_1rjym_13 flex w-fit flex-col-reverse\" tabindex=\"-1\">\n<table class=\"w-fit min-w-(--thread-content-width)\" data-start=\"782\" data-end=\"1842\">\n<thead data-start=\"782\" data-end=\"823\">\n<tr data-start=\"782\" data-end=\"823\">\n<th data-start=\"782\" data-end=\"792\" data-col-size=\"sm\">\u00d6zellik<\/th>\n<th data-start=\"792\" data-end=\"823\" data-col-size=\"xl\">Ne sa\u011fl\u0131yor \/ Neden \u00f6nemli?<\/th>\n<\/tr>\n<\/thead>\n<tbody data-start=\"865\" data-end=\"1842\">\n<tr data-start=\"865\" data-end=\"1031\">\n<td data-start=\"865\" data-end=\"888\" data-col-size=\"sm\"><strong data-start=\"867\" data-end=\"887\">Y\u00fcksek \u00f6rt\u00fcc\u00fcl\u00fck<\/strong><\/td>\n<td data-col-size=\"xl\" data-start=\"888\" data-end=\"1031\">Tek katta bile tavan\u0131 g\u00fczel kapat\u0131yor; eski boya izleri, farkl\u0131 renk tonlar\u0131 daha kolay gizleniyor.<\/td>\n<\/tr>\n<tr data-start=\"1032\" data-end=\"1253\">\n<td data-start=\"1032\" data-end=\"1055\" data-col-size=\"sm\"><strong data-start=\"1034\" data-end=\"1054\">Nefes alan y\u00fczey<\/strong><\/td>\n<td data-start=\"1055\" data-end=\"1253\" data-col-size=\"xl\">Boyan\u0131n kuruduktan sonra \u201cnefes alan\u201d yap\u0131s\u0131, rutubet ve nem kaynakl\u0131 sorunlar\u0131 azaltabiliyor \u2014 \u00f6zellikle yeni s\u0131val\u0131, al\u00e7\u0131, beton gibi y\u00fczeylerde \u00f6nemli.<\/td>\n<\/tr>\n<tr data-start=\"1254\" data-end=\"1467\">\n<td data-start=\"1254\" data-end=\"1292\" data-col-size=\"sm\"><strong data-start=\"1256\" data-end=\"1291\">Kolay uygulama &amp; sorunsuz y\u00fczey<\/strong><\/td>\n<td data-col-size=\"xl\" data-start=\"1292\" data-end=\"1467\">F\u0131r\u00e7a, rulo veya boya cihaz\u0131 (pistole) ile uygulanabiliyor; s\u00fcr\u00fcm\u00fc kolay, y\u00fczey hatalar\u0131n\u0131 bast\u0131r\u0131yor, d\u00fczg\u00fcn mat g\u00f6r\u00fcn\u00fcm sa\u011fl\u0131yor.<\/td>\n<\/tr>\n<tr data-start=\"1468\" data-end=\"1674\">\n<td data-start=\"1468\" data-end=\"1500\" data-col-size=\"sm\"><strong data-start=\"1470\" data-end=\"1499\">Kokusuz &amp; sararmayan yap\u0131<\/strong><\/td>\n<td data-col-size=\"xl\" data-start=\"1500\" data-end=\"1674\">\u0130\u00e7 mek\u00e2n \u2014 salon, yatak odas\u0131 gibi ya\u015fam alanlar\u0131nda; ayr\u0131ca mutfak veya banyo gibi nemli alanlarda bile rahat\u00e7a kullan\u0131labiliyor.<\/td>\n<\/tr>\n<tr data-start=\"1675\" data-end=\"1842\">\n<td data-start=\"1675\" data-end=\"1714\" data-col-size=\"sm\"><strong data-start=\"1677\" data-end=\"1713\">\u00c7atlama, kabarma, d\u00f6k\u00fclme yapmaz<\/strong><\/td>\n<td data-col-size=\"xl\" data-start=\"1714\" data-end=\"1842\">Boyan\u0131n dayan\u0131kl\u0131l\u0131\u011f\u0131 y\u00fcksek, yani tavanlarda uzun \u00f6m\u00fcrl\u00fc bir kaplama bekleyebilirsin.<\/td>\n<\/tr>\n<\/tbody>\n<\/table>\n<h2 data-start=\"1844\" data-end=\"1877\">Teknik &amp; Uygulama Bilgileri<\/h2>\n<ul data-start=\"1879\" data-end=\"2634\">\n<li data-start=\"1879\" data-end=\"1936\">\n<p data-start=\"1881\" data-end=\"1936\"><strong data-start=\"1881\" data-end=\"1890\">Renk:<\/strong> Beyaz<\/p>\n<\/li>\n<li data-start=\"1937\" data-end=\"2008\">\n<p data-start=\"1939\" data-end=\"2008\"><strong data-start=\"1939\" data-end=\"1951\">G\u00f6r\u00fcn\u00fcm:<\/strong> Mat, d\u00fcz y\u00fczey<\/p>\n<\/li>\n<li data-start=\"2009\" data-end=\"2222\">\n<p data-start=\"2011\" data-end=\"2222\"><strong data-start=\"2011\" data-end=\"2024\">Sarfiyat:<\/strong> Yakla\u015f\u0131k <strong data-start=\"2034\" data-end=\"2047\">6\u20137 m\u00b2\/kg<\/strong> (y\u00fczey ko\u015fuluna ba\u011fl\u0131) \u2014 bu da demek ki 10 kg boya ile 60\u201370 m\u00b2 tek katta boyaman m\u00fcmk\u00fcn (ger\u00e7ek metraj y\u00fczey \u015fart\u0131na g\u00f6re de\u011fi\u015fir).<\/p>\n<\/li>\n<li data-start=\"2223\" data-end=\"2412\">\n<p data-start=\"2225\" data-end=\"2412\"><strong data-start=\"2225\" data-end=\"2243\">Kuruma s\u00fcresi:<\/strong> Dokunma kurumas\u0131 ~ <strong data-start=\"2263\" data-end=\"2276\">30 dakika<\/strong> (23 \u00b0C, %50 nem), tam kuruma ~ <strong data-start=\"2308\" data-end=\"2319\">24 saat<\/strong>. Katlar aras\u0131 minimum bekleme s\u00fcresi ise 4\u20136 saat.<\/p>\n<\/li>\n<li data-start=\"2413\" data-end=\"2634\">\n<p data-start=\"2415\" data-end=\"2634\"><strong data-start=\"2415\" data-end=\"2439\">Ambalaj se\u00e7enekleri:<\/strong> 1 kg, 3.5 kg, 10 kg, 17.5 kg, 20 kg gibi farkl\u0131 ambalaj boylar\u0131 ile geliyor \u2014 ihtiyac\u0131na g\u00f6re k\u00fc\u00e7\u00fck alan boyar, b\u00fcy\u00fck alanlar\u0131 da toplu halledebilirsin.<\/p>\n<\/li>\n<\/ul>\n<h2 data-start=\"2636\" data-end=\"2677\">\ud83c\udfe0 Nerelerde &amp; Ne Zaman Tercih Edilir?<\/h2>\n<ul data-start=\"2679\" data-end=\"3232\">\n<li data-start=\"2679\" data-end=\"2814\">\n<p data-start=\"2681\" data-end=\"2814\"><strong data-start=\"2681\" data-end=\"2704\">\u0130\u00e7 mek\u00e2n tavanlar\u0131:<\/strong> Salon, yatak odas\u0131, koridor, mutfak, banyo gibi t\u00fcm i\u00e7 mekanlarda \u2014 \u00e7\u00fcnk\u00fc kokusuz ve sararmayan yap\u0131s\u0131 var.<\/p>\n<\/li>\n<li data-start=\"2815\" data-end=\"2930\">\n<p data-start=\"2817\" data-end=\"2930\"><strong data-start=\"2817\" data-end=\"2849\">Yenileme \/ boyama projeleri:<\/strong> Eski boyal\u0131 tavanlar\u0131 beyaz, temiz ve mat bir g\u00f6r\u00fcn\u00fcme kavu\u015fturmak i\u00e7in ideal.<\/p>\n<\/li>\n<li data-start=\"2931\" data-end=\"3082\">\n<p data-start=\"2933\" data-end=\"3082\"><strong data-start=\"2933\" data-end=\"2971\">Yeni yap\u0131lm\u0131\u015f \/ s\u0131val\u0131 y\u00fczeylerde:<\/strong> Yeni beton, al\u00e7\u0131pan, s\u0131va gibi y\u00fczeyler kuruduktan sonra (\u00f6zellikle s\u0131va prizlendikten sonra) uygulanabilir.<\/p>\n<\/li>\n<li data-start=\"3083\" data-end=\"3232\">\n<p data-start=\"3085\" data-end=\"3232\"><strong data-start=\"3085\" data-end=\"3132\">Dekoratif ama\u00e7 + do\u011fal g\u00f6r\u00fcn\u00fcm isteyenlere:<\/strong> Mat ve d\u00fczg\u00fcn y\u00fczey verdi\u011fi i\u00e7in tavanda sade, temiz bir atmosfer sa\u011flamak isteyenler i\u00e7in uygun.<\/p>\n<\/li>\n<\/ul>\n<\/div>\n<\/div>\n<div class=\"_tableContainer_1rjym_1\"><\/div>\n<div class=\"_tableContainer_1rjym_1\"><\/div>\n","protected":false},"excerpt":{"rendered":"<ul>\n<li data-start=\"189\" data-end=\"379\">\n<p data-start=\"191\" data-end=\"379\">Bu boya, i\u00e7 mek\u00e2n tavanlar\u0131 i\u00e7in \u00f6zel geli\u015ftirilmi\u015f \u201cson kat tavan boyas\u0131\u201d. Su bazl\u0131 ve akrilik em\u00fclsiyon esasl\u0131; yani solvent de\u011fil, su bazl\u0131 boya.<\/p>\n<\/li>\n<li data-start=\"380\" data-end=\"558\">\n<p data-start=\"382\" data-end=\"558\">\u201cTam mat\u201d g\u00f6r\u00fcn\u00fcm sa\u011fl\u0131yor \u2014 bu sayede tavan y\u00fczeylerinde parlama ya da \u0131\u015f\u0131lt\u0131 olmay\u0131p daha sade, d\u00fczg\u00fcn, mat bir g\u00f6r\u00fcn\u00fcm elde ediliyor. Uygulama \u00f6ncesi zemini haz\u0131rlamak ko\u015fuluyla (s\u0131va, al\u00e7\u0131, beton, al\u00e7\u0131pan, MDF gibi y\u00fczeyler olabilir), bu boya bu y\u00fczeylere \u00e7ok iyi yap\u0131\u015f\u0131yor.<\/p>\n<\/li>\n<\/ul>\n","protected":false},"featured_media":5866,"template":"elementor_theme","meta":[],"product_brand":[],"product_cat":[408,417],"product_tag":[455,464,444,460,439,442,451,469,456,453,448,458,450,441,445,454,443,467,446,457,462,461,463,459,447,452,440,466,436,437,438,465,449,468],"class_list":{"0":"post-5865","1":"product","2":"type-product","3":"status-publish","4":"has-post-thumbnail","6":"product_cat-boya-ve-insaat","7":"product_cat-ic-cephe-boyalari-nalbur-melih-hirdavat-ve-yapi-malzemelerinde-kalite-ve-guvenin-adresi","8":"product_tag-bazli","9":"product_tag-boya-permolit","10":"product_tag-boya-profesyonel","11":"product_tag-boya-tavan","12":"product_tag-boyasi","13":"product_tag-boyasi-beyaz","14":"product_tag-boyasi-cabuk","15":"product_tag-boyasi-ekonomik","16":"product_tag-boyasi-ic","17":"product_tag-boyasi-kokusuz","18":"product_tag-boyasi-kolay","19":"product_tag-boyasi-leke","20":"product_tag-boyasi-mat","21":"product_tag-boyasi-permolit","22":"product_tag-boyasi-silinebilir","23":"product_tag-boyasi-su","24":"product_tag-boyasi-super","25":"product_tag-boyasi-tavan","26":"product_tag-boyasi-yuksek","27":"product_tag-cephe","28":"product_tag-en","29":"product_tag-icin","30":"product_tag-iyi","31":"product_tag-kapatici","32":"product_tag-kapaticilik","33":"product_tag-kuruyan","34":"product_tag-mat","35":"product_tag-omurlu","36":"product_tag-permolit","37":"product_tag-super","38":"product_tag-tavan","39":"product_tag-tavan-uzun","40":"product_tag-uygulanan","41":"product_tag-yenileme","43":"first","44":"instock","45":"shipping-taxable","46":"product-type-simple"},"_links":{"self":[{"href":"https:\/\/nalburmelih.com\/index.php\/wp-json\/wp\/v2\/product\/5865","targetHints":{"allow":["GET"]}}],"collection":[{"href":"https:\/\/nalburmelih.com\/index.php\/wp-json\/wp\/v2\/product"}],"about":[{"href":"https:\/\/nalburmelih.com\/index.php\/wp-json\/wp\/v2\/types\/product"}],"version-history":[{"count":3,"href":"https:\/\/nalburmelih.com\/index.php\/wp-json\/wp\/v2\/product\/5865\/revisions"}],"predecessor-version":[{"id":5870,"href":"https:\/\/nalburmelih.com\/index.php\/wp-json\/wp\/v2\/product\/5865\/revisions\/5870"}],"wp:featuredmedia":[{"embeddable":true,"href":"https:\/\/nalburmelih.com\/index.php\/wp-json\/wp\/v2\/media\/5866"}],"wp:attachment":[{"href":"https:\/\/nalburmelih.com\/index.php\/wp-json\/wp\/v2\/media?parent=5865"}],"wp:term":[{"taxonomy":"product_brand","embeddable":true,"href":"https:\/\/nalburmelih.com\/index.php\/wp-json\/wp\/v2\/product_brand?post=5865"},{"taxonomy":"product_cat","embeddable":true,"href":"https:\/\/nalburmelih.com\/index.php\/wp-json\/wp\/v2\/product_cat?post=5865"},{"taxonomy":"product_tag","embeddable":true,"href":"https:\/\/nalburmelih.com\/index.php\/wp-json\/wp\/v2\/product_tag?post=5865"}],"curies":[{"name":"wp","href":"https:\/\/api.w.org\/{rel}","templated":true}]}}